{"id":2422,"date":"2023-06-21T11:37:47","date_gmt":"2023-06-21T11:37:47","guid":{"rendered":"https:\/\/ketsmattressticking.com\/?page_id=2422"},"modified":"2023-11-09T12:21:38","modified_gmt":"2023-11-09T12:21:38","slug":"contact","status":"publish","type":"page","link":"https:\/\/ketsmattressticking.com\/index.php\/contact\/","title":{"rendered":"CONTACT"},"content":{"rendered":"<section class=\"wpb-content-wrapper\"><p>[vc_row full_width=&#8221;stretch_row_content&#8221; css=&#8221;.vc_custom_1694092021802{margin-top: -10vh !important;background-image: url(https:\/\/ketsmattressticking.com\/wp-content\/uploads\/2023\/09\/kets_mattress_ticking_contact_banners.jpg?id=3462) !important;background-position: center !important;background-repeat: no-repeat !important;background-size: cover !important;}&#8221;][vc_column css=&#8221;.vc_custom_1694086838153{padding-top: 20vh !important;padding-bottom: 20vh !important;}&#8221;][vc_row_inner css=&#8221;.vc_custom_1694092982720{padding-right: 5vh !important;}&#8221;][vc_column_inner width=&#8221;2\/3&#8243;][\/vc_column_inner][vc_column_inner width=&#8221;1\/3&#8243; css=&#8221;.vc_custom_1694092883712{padding-top: 5vh !important;padding-bottom: 5vh !important;padding-left: 5vh !important;background-color: rgba(255,255,255,0.71) !important;*background-color: rgb(255,255,255) !important;}&#8221;][vc_custom_heading text=&#8221;WE ARE THINKIN<br \/>\nGLOBAL&#8221; font_container=&#8221;tag:h1|font_size:5vh|text_align:left|color:%23000000&#8243; use_theme_fonts=&#8221;yes&#8221;][vc_custom_heading text=&#8221;We distribute Best Value<br \/>\nto 82 Countries&#8221; font_container=&#8221;tag:h1|text_align:left&#8221; use_theme_fonts=&#8221;yes&#8221;][\/vc_column_inner][\/vc_row_inner][\/vc_column][\/vc_row][vc_row full_width=&#8221;stretch_row&#8221; el_class=&#8221;mt-md-0&#8243; css=&#8221;.vc_custom_1695209347544{padding-top: 10vh !important;padding-bottom: 10vh !important;}&#8221;][vc_column offset=&#8221;vc_col-lg-offset-2 vc_col-lg-8 vc_col-md-offset-2 vc_col-md-8 vc_col-sm-offset-0&#8243;][vc_custom_heading text=&#8221;Contact Information&#8221; font_container=&#8221;tag:h3|text_align:center&#8221; use_theme_fonts=&#8221;yes&#8221; css=&#8221;.vc_custom_1694090944190{margin-bottom: 60px !important;}&#8221;][vc_row_inner][vc_column_inner width=&#8221;1\/4&#8243;][vc_custom_heading text=&#8221;SAKARYA<br \/>\nProduction Factory &amp; Showroom&#8221; font_container=&#8221;tag:h5|text_align:left&#8221; use_theme_fonts=&#8221;yes&#8221;]<div class=\"konte-empty-space  hidden-md hidden-lg\" style=\"height: 30px\"><\/div>[\/vc_column_inner][vc_column_inner width=&#8221;3\/4&#8243;]<div class=\"konte-info-list \"><ul><li class=\"\">\n\t\t\t\t\t<span class=\"info-name\">Address<\/span>\n\t\t\t\t\t<span class=\"info-value\">Kuzuluk Top\u00e7us\u0131rt\u0131 Mah. Yazakisa Cad.  No:33 \u2013 54405 Akyaz\u0131 \/ Sakarya \/ T\u00fcrkiye<\/span>\n\t\t\t\t<\/li><li class=\"\">\n\t\t\t\t\t<span class=\"info-name\">Phone<\/span>\n\t\t\t\t\t<span class=\"info-value\">+90 212 549 26 30<\/span>\n\t\t\t\t<\/li><li class=\"\">\n\t\t\t\t\t<span class=\"info-name\">Email<\/span>\n\t\t\t\t\t<span class=\"info-value\"><a href=\"mailto:info@ketsmattressticking.com\" class=\"konte-info-list__email-link\">info@ketsmattressticking.com<\/a><\/span>\n\t\t\t\t<\/li><\/ul><\/div>[\/vc_column_inner][\/vc_row_inner][vc_empty_space height=&#8221;50px&#8221;][vc_row_inner][vc_column_inner width=&#8221;1\/4&#8243;][vc_custom_heading text=&#8221;ISTANBUL<br \/>\nCenter Factory&#8221; font_container=&#8221;tag:h5|text_align:left&#8221; use_theme_fonts=&#8221;yes&#8221;]<div class=\"konte-empty-space  hidden-md hidden-lg\" style=\"height: 30px\"><\/div>[\/vc_column_inner][vc_column_inner width=&#8221;3\/4&#8243;]<div class=\"konte-info-list \"><ul><li class=\"\">\n\t\t\t\t\t<span class=\"info-name\">Address<\/span>\n\t\t\t\t\t<span class=\"info-value\">\u0130kitelli Org. San. B\u00f6l. Mh. Eski Turgut \u00d6zal Cad. No:40 34490 Ba\u015fak\u015fehir \/ \u0130stanbul \/ T\u00fcrkiye<\/span>\n\t\t\t\t<\/li><li class=\"\">\n\t\t\t\t\t<span class=\"info-name\">Phone<\/span>\n\t\t\t\t\t<span class=\"info-value\">+90 212 549 26 30<\/span>\n\t\t\t\t<\/li><li class=\"\">\n\t\t\t\t\t<span class=\"info-name\">Email<\/span>\n\t\t\t\t\t<span class=\"info-value\"><a href=\"mailto:info@kets.com.tr\" class=\"konte-info-list__email-link\">info@kets.com.tr<\/a><\/span>\n\t\t\t\t<\/li><\/ul><\/div>[\/vc_column_inner][\/vc_row_inner][\/vc_column][\/vc_row][vc_row full_width=&#8221;stretch_row_content_no_spaces&#8221; css=&#8221;.vc_custom_1695209282879{margin-bottom: 10vh !important;}&#8221;][vc_column][vc_raw_html]JTNDaWZyYW1lJTIwc3JjJTNEJTIyaHR0cHMlM0ElMkYlMkZ3d3cuZ29vZ2xlLmNvbSUyRm1hcHMlMkZlbWJlZCUzRnBiJTNEJTIxMW0xOCUyMTFtMTIlMjExbTMlMjExZDE1MTQuMDU1OTA2MDM2MTQ2OCUyMTJkMzAuNjI2MTAwNzkyMjgyMjgzJTIxM2Q0MC42Mjc0MTYwNzM4MDc4JTIxMm0zJTIxMWYwJTIxMmYwJTIxM2YwJTIxM20yJTIxMWkxMDI0JTIxMmk3NjglMjE0ZjEzLjElMjEzbTMlMjExbTIlMjExczB4MTRjY2NmZmVmNDE5ZDgxZCUyNTNBMHgyYmZlNWY5ZmRmNmI0MjFlJTIxMnNLZXRzJTI1MjAtJTI1MjBNYXR0cmVzcyUyNTIwVGlja2luZyUyMTVlMCUyMTNtMiUyMTFzdHIlMjEyc3RyJTIxNHYxNjk1MjA0NDE4MTY0JTIxNW0yJTIxMXN0ciUyMTJzdHIlMjIlMjB3aWR0aCUzRCUyMjM1MDAlMjIlMjBoZWlnaHQlM0QlMjI2MDAlMjIlMjBzdHlsZSUzRCUyMmJvcmRlciUzQTAlM0IlMjIlMjBhbGxvd2Z1bGxzY3JlZW4lM0QlMjIlMjIlMjBsb2FkaW5nJTNEJTIybGF6eSUyMiUyMHJlZmVycmVycG9saWN5JTNEJTIybm8tcmVmZXJyZXItd2hlbi1kb3duZ3JhZGUlMjIlM0UlM0MlMkZpZnJhbWUlM0U=[\/vc_raw_html][\/vc_column][\/vc_row][vc_row full_width=&#8221;stretch_row&#8221; el_class=&#8221;mt-md-0&#8243; css=&#8221;.vc_custom_1694091058600{padding-bottom: 10vh !important;}&#8221;][vc_column offset=&#8221;vc_col-lg-offset-2 vc_col-lg-8 vc_col-md-offset-2 vc_col-md-8 vc_col-sm-offset-0&#8243;][vc_raw_html]JTVCZm9ybSUyMGlkJTNEJTIyNDM4MyUyMiU1RA==[\/vc_raw_html][\/vc_column][\/vc_row]<\/p>\n<\/section>","protected":false},"excerpt":{"rendered":"<p>[vc_row full_width=&#8221;stretch_row_content&#8221; css=&#8221;.vc_custom_1694092021802{margin-top: -10vh !important;background-image: url(https:\/\/ketsmattressticking.com\/wp-content\/uploads\/2023\/09\/kets_mattress_ticking_contact_banners.jpg?id=3462) !important;background-position: center !important;background-repeat: no-repeat !important;background-size: cover !important;}&#8221;][vc_column css=&#8221;.vc_custom_1694086838153{padding-top: 20vh !important;padding-bottom: 20vh !important;}&#8221;][vc_row_inner css=&#8221;.vc_custom_1694092982720{padding-right: 5vh !important;}&#8221;][vc_column_inner width=&#8221;2\/3&#8243;][\/vc_column_inner][vc_column_inner width=&#8221;1\/3&#8243; css=&#8221;.vc_custom_1694092883712{padding-top: 5vh !important;padding-bottom: 5vh !important;padding-left: 5vh !important;background-color:&hellip;<\/p>\n","protected":false},"author":1,"featured_media":0,"parent":0,"menu_order":0,"comment_status":"closed","ping_status":"closed","template":"","meta":{"footnotes":""},"class_list":["post-2422","page","type-page","status-publish","hentry"],"yoast_head":"<!-- This site is optimized with the Yoast SEO plugin v26.8 - https:\/\/yoast.com\/product\/yoast-seo-wordpress\/ -->\n<title>CONTACT - KETS | MATTRESS TICKING<\/title>\n<meta name=\"robots\" content=\"index, follow, max-snippet:-1, max-image-preview:large, max-video-preview:-1\" \/>\n<link rel=\"canonical\" href=\"https:\/\/ketsmattressticking.com\/index.php\/contact\/\" \/>\n<meta property=\"og:locale\" content=\"tr_TR\" \/>\n<meta property=\"og:type\" content=\"article\" \/>\n<meta property=\"og:title\" content=\"CONTACT - KETS | MATTRESS TICKING\" \/>\n<meta property=\"og:description\" content=\"[vc_row full_width=&#8221;stretch_row_content&#8221; css=&#8221;.vc_custom_1694092021802{margin-top: -10vh !important;background-image: url(https:\/\/ketsmattressticking.com\/wp-content\/uploads\/2023\/09\/kets_mattress_ticking_contact_banners.jpg?id=3462) !important;background-position: center !important;background-repeat: no-repeat !important;background-size: cover !important;}&#8221;][vc_column css=&#8221;.vc_custom_1694086838153{padding-top: 20vh !important;padding-bottom: 20vh !important;}&#8221;][vc_row_inner css=&#8221;.vc_custom_1694092982720{padding-right: 5vh !important;}&#8221;][vc_column_inner width=&#8221;2\/3&#8243;][\/vc_column_inner][vc_column_inner width=&#8221;1\/3&#8243; css=&#8221;.vc_custom_1694092883712{padding-top: 5vh !important;padding-bottom: 5vh !important;padding-left: 5vh !important;background-color:&hellip;\" \/>\n<meta property=\"og:url\" content=\"https:\/\/ketsmattressticking.com\/index.php\/contact\/\" \/>\n<meta property=\"og:site_name\" content=\"KETS | MATTRESS TICKING\" \/>\n<meta property=\"article:modified_time\" content=\"2023-11-09T12:21:38+00:00\" \/>\n<meta name=\"twitter:card\" content=\"summary_large_image\" \/>\n<meta name=\"twitter:label1\" content=\"Tahmini okuma s\u00fcresi\" \/>\n\t<meta name=\"twitter:data1\" content=\"3 dakika\" \/>\n<script type=\"application\/ld+json\" class=\"yoast-schema-graph\">{\"@context\":\"https:\/\/schema.org\",\"@graph\":[{\"@type\":\"WebPage\",\"@id\":\"https:\/\/ketsmattressticking.com\/index.php\/contact\/\",\"url\":\"https:\/\/ketsmattressticking.com\/index.php\/contact\/\",\"name\":\"CONTACT - KETS | MATTRESS TICKING\",\"isPartOf\":{\"@id\":\"https:\/\/ketsmattressticking.com\/#website\"},\"datePublished\":\"2023-06-21T11:37:47+00:00\",\"dateModified\":\"2023-11-09T12:21:38+00:00\",\"breadcrumb\":{\"@id\":\"https:\/\/ketsmattressticking.com\/index.php\/contact\/#breadcrumb\"},\"inLanguage\":\"tr\",\"potentialAction\":[{\"@type\":\"ReadAction\",\"target\":[\"https:\/\/ketsmattressticking.com\/index.php\/contact\/\"]}]},{\"@type\":\"BreadcrumbList\",\"@id\":\"https:\/\/ketsmattressticking.com\/index.php\/contact\/#breadcrumb\",\"itemListElement\":[{\"@type\":\"ListItem\",\"position\":1,\"name\":\"Anasayfa\",\"item\":\"https:\/\/ketsmattressticking.com\/\"},{\"@type\":\"ListItem\",\"position\":2,\"name\":\"CONTACT\"}]},{\"@type\":\"WebSite\",\"@id\":\"https:\/\/ketsmattressticking.com\/#website\",\"url\":\"https:\/\/ketsmattressticking.com\/\",\"name\":\"KETS | MATTRESS TICKING\",\"description\":\"The Art Of Comfortable Sleep\",\"publisher\":{\"@id\":\"https:\/\/ketsmattressticking.com\/#organization\"},\"potentialAction\":[{\"@type\":\"SearchAction\",\"target\":{\"@type\":\"EntryPoint\",\"urlTemplate\":\"https:\/\/ketsmattressticking.com\/?s={search_term_string}\"},\"query-input\":{\"@type\":\"PropertyValueSpecification\",\"valueRequired\":true,\"valueName\":\"search_term_string\"}}],\"inLanguage\":\"tr\"},{\"@type\":\"Organization\",\"@id\":\"https:\/\/ketsmattressticking.com\/#organization\",\"name\":\"KETS | MATTRESS TICKING\",\"url\":\"https:\/\/ketsmattressticking.com\/\",\"logo\":{\"@type\":\"ImageObject\",\"inLanguage\":\"tr\",\"@id\":\"https:\/\/ketsmattressticking.com\/#\/schema\/logo\/image\/\",\"url\":\"https:\/\/ketsmattressticking.com\/wp-content\/uploads\/2023\/09\/ketsmattresticking_blackek.png\",\"contentUrl\":\"https:\/\/ketsmattressticking.com\/wp-content\/uploads\/2023\/09\/ketsmattresticking_blackek.png\",\"width\":270,\"height\":72,\"caption\":\"KETS | MATTRESS TICKING\"},\"image\":{\"@id\":\"https:\/\/ketsmattressticking.com\/#\/schema\/logo\/image\/\"}}]}<\/script>\n<!-- \/ Yoast SEO plugin. -->","yoast_head_json":{"title":"CONTACT - KETS | MATTRESS TICKING","robots":{"index":"index","follow":"follow","max-snippet":"max-snippet:-1","max-image-preview":"max-image-preview:large","max-video-preview":"max-video-preview:-1"},"canonical":"https:\/\/ketsmattressticking.com\/index.php\/contact\/","og_locale":"tr_TR","og_type":"article","og_title":"CONTACT - KETS | MATTRESS TICKING","og_description":"[vc_row full_width=&#8221;stretch_row_content&#8221; css=&#8221;.vc_custom_1694092021802{margin-top: -10vh !important;background-image: url(https:\/\/ketsmattressticking.com\/wp-content\/uploads\/2023\/09\/kets_mattress_ticking_contact_banners.jpg?id=3462) !important;background-position: center !important;background-repeat: no-repeat !important;background-size: cover !important;}&#8221;][vc_column css=&#8221;.vc_custom_1694086838153{padding-top: 20vh !important;padding-bottom: 20vh !important;}&#8221;][vc_row_inner css=&#8221;.vc_custom_1694092982720{padding-right: 5vh !important;}&#8221;][vc_column_inner width=&#8221;2\/3&#8243;][\/vc_column_inner][vc_column_inner width=&#8221;1\/3&#8243; css=&#8221;.vc_custom_1694092883712{padding-top: 5vh !important;padding-bottom: 5vh !important;padding-left: 5vh !important;background-color:&hellip;","og_url":"https:\/\/ketsmattressticking.com\/index.php\/contact\/","og_site_name":"KETS | MATTRESS TICKING","article_modified_time":"2023-11-09T12:21:38+00:00","twitter_card":"summary_large_image","twitter_misc":{"Tahmini okuma s\u00fcresi":"3 dakika"},"schema":{"@context":"https:\/\/schema.org","@graph":[{"@type":"WebPage","@id":"https:\/\/ketsmattressticking.com\/index.php\/contact\/","url":"https:\/\/ketsmattressticking.com\/index.php\/contact\/","name":"CONTACT - KETS | MATTRESS TICKING","isPartOf":{"@id":"https:\/\/ketsmattressticking.com\/#website"},"datePublished":"2023-06-21T11:37:47+00:00","dateModified":"2023-11-09T12:21:38+00:00","breadcrumb":{"@id":"https:\/\/ketsmattressticking.com\/index.php\/contact\/#breadcrumb"},"inLanguage":"tr","potentialAction":[{"@type":"ReadAction","target":["https:\/\/ketsmattressticking.com\/index.php\/contact\/"]}]},{"@type":"BreadcrumbList","@id":"https:\/\/ketsmattressticking.com\/index.php\/contact\/#breadcrumb","itemListElement":[{"@type":"ListItem","position":1,"name":"Anasayfa","item":"https:\/\/ketsmattressticking.com\/"},{"@type":"ListItem","position":2,"name":"CONTACT"}]},{"@type":"WebSite","@id":"https:\/\/ketsmattressticking.com\/#website","url":"https:\/\/ketsmattressticking.com\/","name":"KETS | MATTRESS TICKING","description":"The Art Of Comfortable Sleep","publisher":{"@id":"https:\/\/ketsmattressticking.com\/#organization"},"potentialAction":[{"@type":"SearchAction","target":{"@type":"EntryPoint","urlTemplate":"https:\/\/ketsmattressticking.com\/?s={search_term_string}"},"query-input":{"@type":"PropertyValueSpecification","valueRequired":true,"valueName":"search_term_string"}}],"inLanguage":"tr"},{"@type":"Organization","@id":"https:\/\/ketsmattressticking.com\/#organization","name":"KETS | MATTRESS TICKING","url":"https:\/\/ketsmattressticking.com\/","logo":{"@type":"ImageObject","inLanguage":"tr","@id":"https:\/\/ketsmattressticking.com\/#\/schema\/logo\/image\/","url":"https:\/\/ketsmattressticking.com\/wp-content\/uploads\/2023\/09\/ketsmattresticking_blackek.png","contentUrl":"https:\/\/ketsmattressticking.com\/wp-content\/uploads\/2023\/09\/ketsmattresticking_blackek.png","width":270,"height":72,"caption":"KETS | MATTRESS TICKING"},"image":{"@id":"https:\/\/ketsmattressticking.com\/#\/schema\/logo\/image\/"}}]}},"_links":{"self":[{"href":"https:\/\/ketsmattressticking.com\/index.php\/wp-json\/wp\/v2\/pages\/2422","targetHints":{"allow":["GET"]}}],"collection":[{"href":"https:\/\/ketsmattressticking.com\/index.php\/wp-json\/wp\/v2\/pages"}],"about":[{"href":"https:\/\/ketsmattressticking.com\/index.php\/wp-json\/wp\/v2\/types\/page"}],"author":[{"embeddable":true,"href":"https:\/\/ketsmattressticking.com\/index.php\/wp-json\/wp\/v2\/users\/1"}],"replies":[{"embeddable":true,"href":"https:\/\/ketsmattressticking.com\/index.php\/wp-json\/wp\/v2\/comments?post=2422"}],"version-history":[{"count":25,"href":"https:\/\/ketsmattressticking.com\/index.php\/wp-json\/wp\/v2\/pages\/2422\/revisions"}],"predecessor-version":[{"id":4384,"href":"https:\/\/ketsmattressticking.com\/index.php\/wp-json\/wp\/v2\/pages\/2422\/revisions\/4384"}],"wp:attachment":[{"href":"https:\/\/ketsmattressticking.com\/index.php\/wp-json\/wp\/v2\/media?parent=2422"}],"curies":[{"name":"wp","href":"https:\/\/api.w.org\/{rel}","templated":true}]}}